{"id":26,"date":"2016-06-07T11:03:02","date_gmt":"2016-06-07T11:03:02","guid":{"rendered":"http:\/\/eldiarioescan.es\/complices\/?page_id=26"},"modified":"2023-12-04T01:55:46","modified_gmt":"2023-12-04T01:55:46","slug":"tarjeta-identificativa","status":"publish","type":"page","link":"http:\/\/eldiarioescan.es\/complices\/tarjeta-identificativa\/","title":{"rendered":"TARJETA IDENTIFICATIVA"},"content":{"rendered":"<h1><strong>\u00bfC\u00f3mo puedo obtener la tarjeta que me &nbsp;identifica como C\u00d3MPLICE?<\/strong><\/h1>\n<hr>\n<p style=\"text-align: justify;\">Aquellos que decidan apoyarnos con cantidades a partir de los 50\u20ac al a\u00f1o &nbsp;conseguir\u00e1n una tarjeta que acredita&nbsp;su condici\u00f3n de C\u00d3MPLICE. Los <strong>C\u00d3MPLICES<\/strong>&nbsp;de eldiario.es Cantabria tendr\u00e1n <a href=\"https:\/\/www.mensreplicawatch.com\/product\/rolex-day-date-mens-rolex-calibre-2836-2813-m228206-0011-dark-rhodium-dial\/\">rolex day date mens rolex calibre 2836 2813 m228206 0011 dark rhodium dial<\/a> la opci\u00f3n de participar en&nbsp;sorteos que variar\u00e1n seg\u00fan el momento en el que se realice la suscripci\u00f3n y seg\u00fan la disponibilidad.<\/p>\n<p style=\"text-align: justify;\">Ense\u00f1ando esta tarjeta podr\u00e1S obtener descuentos en los siguientes establecimientos:<\/p>\n<ol>\n<li style=\"text-align: justify;\">Librer\u00edas GIL (5% descuento en libros; 15% descuento en papeler\u00eda).<\/li>\n<li style=\"text-align: justify;\">La Vor\u00e1gine (5% de descuento en libros)<\/li>\n<li style=\"text-align: justify;\">Librer\u00eda del Puerto (5% de descuento en libros)<\/li>\n<\/ol>\n<p><img decoding=\"async\" loading=\"lazy\" class=\"wp-image-56 size-full alignnone\" src=\"http:\/\/eldiarioescan.es\/complices\/wp-content\/uploads\/2016\/06\/Captura-de-pantalla-2016-06-08-a-las-11.57.40.png\" width=\"1668\" height=\"218\" srcset=\"http:\/\/eldiarioescan.es\/complices\/wp-content\/uploads\/2016\/06\/Captura-de-pantalla-2016-06-08-a-las-11.57.40.png 1668w, http:\/\/eldiarioescan.es\/complices\/wp-content\/uploads\/2016\/06\/Captura-de-pantalla-2016-06-08-a-las-11.57.40-300x39.png 300w, http:\/\/eldiarioescan.es\/complices\/wp-content\/uploads\/2016\/06\/Captura-de-pantalla-2016-06-08-a-las-11.57.40-768x100.png 768w, http:\/\/eldiarioescan.es\/complices\/wp-content\/uploads\/2016\/06\/Captura-de-pantalla-2016-06-08-a-las-11.57.40-1024x134.png 1024w\" sizes=\"(max-width: 1668px) 100vw, 1668px\" \/><\/p>\n<p style=\"text-align: justify;\">La vigencia de la tarjeta ser\u00e1 de 12 meses para aquellos que aporten 50\u20ac o m\u00e1s desde el momento de la suscripci\u00f3n.<\/p>\n","protected":false},"excerpt":{"rendered":"<p>\u00bfC\u00f3mo puedo obtener la tarjeta que me &nbsp;identifica como C\u00d3MPLICE? Aquellos que decidan apoyarnos con cantidades a partir de los 50\u20ac al a\u00f1o &nbsp;conseguir\u00e1n una tarjeta que acredita&nbsp;su condici\u00f3n de C\u00d3MPLICE. Los C\u00d3MPLICES&nbsp;de eldiario.es Cantabria tendr\u00e1n rolex day date mens rolex calibre 2836 2813 m228206 0011 dark rhodium dial la opci\u00f3n de participar en&nbsp;sorteos que variar\u00e1n seg\u00fan el momento en el que se realice la suscripci\u00f3n y seg\u00fan la disponibilidad. Ense\u00f1ando esta tarjeta podr\u00e1S obtener descuentos en los siguientes establecimientos: Librer\u00edas GIL (5% descuento en libros; 15% descuento en papeler\u00eda). La Vor\u00e1gine (5% de descuento en libros) Librer\u00eda del Puerto (5% de descuento en libros) La vigencia de la tarjeta ser\u00e1 de 12 meses para aquellos que aporten 50\u20ac o m\u00e1s desde el momento de la suscripci\u00f3n.<\/p>\n","protected":false},"author":1,"featured_media":0,"parent":0,"menu_order":0,"comment_status":"closed","ping_status":"closed","template":"","meta":[],"_links":{"self":[{"href":"http:\/\/eldiarioescan.es\/complices\/wp-json\/wp\/v2\/pages\/26"}],"collection":[{"href":"http:\/\/eldiarioescan.es\/complices\/wp-json\/wp\/v2\/pages"}],"about":[{"href":"http:\/\/eldiarioescan.es\/complices\/wp-json\/wp\/v2\/types\/page"}],"author":[{"embeddable":true,"href":"http:\/\/eldiarioescan.es\/complices\/wp-json\/wp\/v2\/users\/1"}],"replies":[{"embeddable":true,"href":"http:\/\/eldiarioescan.es\/complices\/wp-json\/wp\/v2\/comments?post=26"}],"version-history":[{"count":10,"href":"http:\/\/eldiarioescan.es\/complices\/wp-json\/wp\/v2\/pages\/26\/revisions"}],"predecessor-version":[{"id":875,"href":"http:\/\/eldiarioescan.es\/complices\/wp-json\/wp\/v2\/pages\/26\/revisions\/875"}],"wp:attachment":[{"href":"http:\/\/eldiarioescan.es\/complices\/wp-json\/wp\/v2\/media?parent=26"}],"curies":[{"name":"wp","href":"https:\/\/api.w.org\/{rel}","templated":true}]}}